{"id":15,"date":"2021-02-01T13:01:57","date_gmt":"2021-02-01T13:01:57","guid":{"rendered":"https:\/\/braumann.ch\/new\/?page_id=15"},"modified":"2025-08-05T05:44:04","modified_gmt":"2025-08-05T05:44:04","slug":"15-2","status":"publish","type":"page","link":"https:\/\/braumann.ch\/new\/","title":{"rendered":"Home"},"content":{"rendered":"\n<p><strong>Die inneren Werte z\u00e4hlen<\/strong> <\/p>\n\n\n\n<p>Zuverl\u00e4ssigkeit hat mit langj\u00e4hriger Erfahrung und der Wertsch\u00e4tzung f\u00fcr das Produkt und unsere Kunden zu tun. Heissgetr\u00e4nke- und Verpflegungsautomaten \u00fcberzeugen durch hochwertige Komponenten und saubere Verarbeitung bis ins letzte Detail. Damit arbeiten unsere Ger\u00e4te \u00e4usserst leise, absolut pr\u00e4zis und sind ausnahmslos auf eine lange Lebensdauer ausgelegt.<\/p>\n","protected":false},"excerpt":{"rendered":"<p>Die inneren Werte z\u00e4hlen Zuverl\u00e4ssigkeit hat mit langj\u00e4hriger Erfahrung und der Wertsch\u00e4tzung f\u00fcr das Produkt und unsere Kunden zu tun. Heissgetr\u00e4nke- und Verpflegungsautomaten \u00fcberzeugen durch hochwertige Komponenten und saubere Verarbeitung &#8230;<\/p>\n","protected":false},"author":1,"featured_media":0,"parent":0,"menu_order":0,"comment_status":"closed","ping_status":"closed","template":"template-frontpage.php","meta":{"footnotes":""},"class_list":["post-15","page","type-page","status-publish","hentry"],"_links":{"self":[{"href":"https:\/\/braumann.ch\/new\/index.php\/wp-json\/wp\/v2\/pages\/15","targetHints":{"allow":["GET"]}}],"collection":[{"href":"https:\/\/braumann.ch\/new\/index.php\/wp-json\/wp\/v2\/pages"}],"about":[{"href":"https:\/\/braumann.ch\/new\/index.php\/wp-json\/wp\/v2\/types\/page"}],"author":[{"embeddable":true,"href":"https:\/\/braumann.ch\/new\/index.php\/wp-json\/wp\/v2\/users\/1"}],"replies":[{"embeddable":true,"href":"https:\/\/braumann.ch\/new\/index.php\/wp-json\/wp\/v2\/comments?post=15"}],"version-history":[{"count":3,"href":"https:\/\/braumann.ch\/new\/index.php\/wp-json\/wp\/v2\/pages\/15\/revisions"}],"predecessor-version":[{"id":1375,"href":"https:\/\/braumann.ch\/new\/index.php\/wp-json\/wp\/v2\/pages\/15\/revisions\/1375"}],"wp:attachment":[{"href":"https:\/\/braumann.ch\/new\/index.php\/wp-json\/wp\/v2\/media?parent=15"}],"curies":[{"name":"wp","href":"https:\/\/api.w.org\/{rel}","templated":true}]}}